{"id":16,"date":"2019-09-22T19:34:48","date_gmt":"2019-09-22T17:34:48","guid":{"rendered":"http:\/\/djerbaladouce.fr\/?page_id=16"},"modified":"2019-09-22T19:34:48","modified_gmt":"2019-09-22T17:34:48","slug":"vos-commentaires","status":"publish","type":"page","link":"https:\/\/djerbaladouce.fr\/?page_id=16","title":{"rendered":"Vos commentaires :)"},"content":{"rendered":"\n<p>Ici, laissez nous vos commentaires de votre exp\u00e9rience lors du s\u00e9jour de Djerba La Douce, vos r\u00eaves et vos d\u00e9sirs pour les prochaines \u00e9ditions \ud83d\ude09<\/p>\n","protected":false},"excerpt":{"rendered":"<p>Ici, laissez nous vos commentaires de votre exp\u00e9rience lors du s\u00e9jour de Djerba La Douce, vos r\u00eaves et vos d\u00e9sirs pour les prochaines \u00e9ditions \ud83d\ude09<\/p>\n","protected":false},"author":1,"featured_media":0,"parent":0,"menu_order":0,"comment_status":"open","ping_status":"closed","template":"","meta":[],"_links":{"self":[{"href":"https:\/\/djerbaladouce.fr\/index.php?rest_route=\/wp\/v2\/pages\/16"}],"collection":[{"href":"https:\/\/djerbaladouce.fr\/index.php?rest_route=\/wp\/v2\/pages"}],"about":[{"href":"https:\/\/djerbaladouce.fr\/index.php?rest_route=\/wp\/v2\/types\/page"}],"author":[{"embeddable":true,"href":"https:\/\/djerbaladouce.fr\/index.php?rest_route=\/wp\/v2\/users\/1"}],"replies":[{"embeddable":true,"href":"https:\/\/djerbaladouce.fr\/index.php?rest_route=%2Fwp%2Fv2%2Fcomments&post=16"}],"version-history":[{"count":1,"href":"https:\/\/djerbaladouce.fr\/index.php?rest_route=\/wp\/v2\/pages\/16\/revisions"}],"predecessor-version":[{"id":17,"href":"https:\/\/djerbaladouce.fr\/index.php?rest_route=\/wp\/v2\/pages\/16\/revisions\/17"}],"wp:attachment":[{"href":"https:\/\/djerbaladouce.fr\/index.php?rest_route=%2Fwp%2Fv2%2Fmedia&parent=16"}],"curies":[{"name":"wp","href":"https:\/\/api.w.org\/{rel}","templated":true}]}}