{"id":37,"date":"2019-09-23T13:09:20","date_gmt":"2019-09-23T11:09:20","guid":{"rendered":"http:\/\/djerbaladouce.fr\/?page_id=37"},"modified":"2019-09-23T13:09:20","modified_gmt":"2019-09-23T11:09:20","slug":"djerba-la-douce-cest-quoi","status":"publish","type":"page","link":"https:\/\/djerbaladouce.fr\/?page_id=37","title":{"rendered":"Djerba la douce, c&rsquo;est quoi?"},"content":{"rendered":"\n<blockquote class=\"wp-block-quote\"><p>\u00ab&nbsp;<strong>D<\/strong>jerba, l\u2019\u00eele magique ! c\u2019est l\u00e0 que je suis n\u00e9 et que j\u2019ai grandi.<br>On l\u2019appelle aussi \u00ab l\u2019\u00eele des r\u00eaves \u00bb, c\u2019est vrai ! Et mes r\u00eaves se transforment en r\u00e9alit\u00e9\u2026<br>Le s\u00e9jour artistique et culturel de Djerba la douce est un projet qui me tient \u00e0 c\u0153ur depuis de nombreuses ann\u00e9es.<br>Mon objectif premier est de faire connaitre les arts et la culture de Djerba au monde<br>entier. <\/p><p>En effet,  je suis convaincu qu\u2019\u00e0 travers les \u00e9changes culturels dans une cadre familial, aupr\u00e8s des vrais djerbiens dans leur vie quotidienne et f\u00eates traditionnelles, nous allons d\u00e9velopper un autre tourisme.<br>Bien s\u00fbr que Djerba et tr\u00e8s touristique ! c\u2019est normal\u2026C\u2019est une \u00eele paradisiaque.<br>Et les nombreux complexes touristiques qui offrent des formules tout compris \u00e0 prix r\u00e9duits ne sont pas, selon moi, la meilleure facette de Djerba.<br><\/p><p>Mon histoire\u2026.<br>J\u2019\u00e9tais musicien dans les h\u00f4tels de Djerba de 1994 \u00e0 2001. Je voyais tous ces touristes qui restaient coinc\u00e9s dans les clubs juste pour profiter du \u00ab pas cher et tout inclus \u00bb. Et pour tout dire, je trouvais \u00e7a dommage de rester \u00e0 c\u00f4t\u00e9 des habitants, de leur culture et des arts sans les rencontrer et \u00e9changer.<br>Mon projet Djerba la douce est tout le contraire : nous vivons dans ma maison, dans ma famille qui participent activement \u00e0 ce projet, nous d\u00e9couvrons la cuisine locale, visitons les sites touristiques oui mais aussi atypiques sortis des sentiers battus pour vous faire d\u00e9couvrir l\u2019\u00e2me de Djerba.<br><\/p><p>L\u2019histoire qui remonte au del\u00e0 des livres fait de cette \u00eele un croisement culturel entre Orient, Occident et Afrique o\u00f9 le m\u00e9tissage a cr\u00e9er une culture unique.<br><\/p><p>Je ne vous en dis pas plus, je vous laisse d\u00e9couvrir toute cette richesse de Djerba \u00e0 travers<br>notre s\u00e9jour artistique et culturel tr\u00e8s bient\u00f4t \u2026  \u00ab&nbsp;<br> <\/p><cite>Chokri Trabelsi<\/cite><\/blockquote>\n\n\n\n<ul><li><\/li><\/ul>\n\n\n\n<figure class=\"wp-block-image\"><img loading=\"lazy\" width=\"300\" height=\"180\" src=\"http:\/\/djerbaladouce.fr\/wp-content\/uploads\/2019\/09\/chokri_oud.jpg\" alt=\"\" class=\"wp-image-9\"\/><\/figure>\n","protected":false},"excerpt":{"rendered":"<p>\u00ab&nbsp;Djerba, l\u2019\u00eele magique ! c\u2019est l\u00e0 que je suis n\u00e9 et que j\u2019ai grandi.On l\u2019appelle aussi \u00ab l\u2019\u00eele des r\u00eaves \u00bb, c\u2019est vrai ! Et mes r\u00eaves se transforment en r\u00e9alit\u00e9\u2026Le s\u00e9jour artistique et culturel de Djerba la douce est un projet qui me tient \u00e0 c\u0153ur depuis de nombreuses ann\u00e9es.Mon objectif premier est de &hellip; <\/p>\n<p class=\"link-more\"><a href=\"https:\/\/djerbaladouce.fr\/?page_id=37\" class=\"more-link\">Continuer la lecture<span class=\"screen-reader-text\"> de &laquo;&nbsp;Djerba la douce, c&rsquo;est quoi?&nbsp;&raquo;<\/span><\/a><\/p>\n","protected":false},"author":1,"featured_media":0,"parent":0,"menu_order":0,"comment_status":"closed","ping_status":"closed","template":"","meta":[],"_links":{"self":[{"href":"https:\/\/djerbaladouce.fr\/index.php?rest_route=\/wp\/v2\/pages\/37"}],"collection":[{"href":"https:\/\/djerbaladouce.fr\/index.php?rest_route=\/wp\/v2\/pages"}],"about":[{"href":"https:\/\/djerbaladouce.fr\/index.php?rest_route=\/wp\/v2\/types\/page"}],"author":[{"embeddable":true,"href":"https:\/\/djerbaladouce.fr\/index.php?rest_route=\/wp\/v2\/users\/1"}],"replies":[{"embeddable":true,"href":"https:\/\/djerbaladouce.fr\/index.php?rest_route=%2Fwp%2Fv2%2Fcomments&post=37"}],"version-history":[{"count":1,"href":"https:\/\/djerbaladouce.fr\/index.php?rest_route=\/wp\/v2\/pages\/37\/revisions"}],"predecessor-version":[{"id":39,"href":"https:\/\/djerbaladouce.fr\/index.php?rest_route=\/wp\/v2\/pages\/37\/revisions\/39"}],"wp:attachment":[{"href":"https:\/\/djerbaladouce.fr\/index.php?rest_route=%2Fwp%2Fv2%2Fmedia&parent=37"}],"curies":[{"name":"wp","href":"https:\/\/api.w.org\/{rel}","templated":true}]}}