{"id":40,"date":"2019-09-23T13:13:30","date_gmt":"2019-09-23T11:13:30","guid":{"rendered":"http:\/\/djerbaladouce.fr\/?page_id=40"},"modified":"2021-02-11T00:04:27","modified_gmt":"2021-02-10T23:04:27","slug":"djerba-la-douce-3-2020","status":"publish","type":"page","link":"https:\/\/djerbaladouce.fr\/?page_id=40","title":{"rendered":"Djerba la Douce 3 (2021)"},"content":{"rendered":"\n<p class=\"has-text-align-center\"><a href=\"http:\/\/djerbaladouce3.wordpress.com\">Voici le lien pour acc\u00e9der directement \u00e0 la nouvelle \u00e9dition Djerba la Douce 202<\/a>1<\/p>\n","protected":false},"excerpt":{"rendered":"<p>Voici le lien pour acc\u00e9der directement \u00e0 la nouvelle \u00e9dition Djerba la Douce 2021<\/p>\n","protected":false},"author":1,"featured_media":0,"parent":0,"menu_order":0,"comment_status":"closed","ping_status":"closed","template":"","meta":[],"_links":{"self":[{"href":"https:\/\/djerbaladouce.fr\/index.php?rest_route=\/wp\/v2\/pages\/40"}],"collection":[{"href":"https:\/\/djerbaladouce.fr\/index.php?rest_route=\/wp\/v2\/pages"}],"about":[{"href":"https:\/\/djerbaladouce.fr\/index.php?rest_route=\/wp\/v2\/types\/page"}],"author":[{"embeddable":true,"href":"https:\/\/djerbaladouce.fr\/index.php?rest_route=\/wp\/v2\/users\/1"}],"replies":[{"embeddable":true,"href":"https:\/\/djerbaladouce.fr\/index.php?rest_route=%2Fwp%2Fv2%2Fcomments&post=40"}],"version-history":[{"count":2,"href":"https:\/\/djerbaladouce.fr\/index.php?rest_route=\/wp\/v2\/pages\/40\/revisions"}],"predecessor-version":[{"id":47,"href":"https:\/\/djerbaladouce.fr\/index.php?rest_route=\/wp\/v2\/pages\/40\/revisions\/47"}],"wp:attachment":[{"href":"https:\/\/djerbaladouce.fr\/index.php?rest_route=%2Fwp%2Fv2%2Fmedia&parent=40"}],"curies":[{"name":"wp","href":"https:\/\/api.w.org\/{rel}","templated":true}]}}