{"id":43,"date":"2019-09-23T13:18:06","date_gmt":"2019-09-23T11:18:06","guid":{"rendered":"http:\/\/djerbaladouce.fr\/?page_id=43"},"modified":"2019-09-23T13:18:06","modified_gmt":"2019-09-23T11:18:06","slug":"les-editions-precedentes","status":"publish","type":"page","link":"https:\/\/djerbaladouce.fr\/?page_id=43","title":{"rendered":"Les \u00e9ditions pr\u00e9c\u00e9dentes"},"content":{"rendered":"\n<p style=\"text-align:center\"><a href=\"https:\/\/djerbaladouce2.wordpress.com\/\">Djerba la Douce 2 (2019)<\/a><\/p>\n\n\n\n<p style=\"text-align:center\"><a href=\"https:\/\/djerbaladoucesite.wordpress.com\/\">Djerba la Douce 1 (2018)<\/a><\/p>\n","protected":false},"excerpt":{"rendered":"<p>Djerba la Douce 2 (2019) Djerba la Douce 1 (2018)<\/p>\n","protected":false},"author":1,"featured_media":0,"parent":0,"menu_order":0,"comment_status":"closed","ping_status":"closed","template":"","meta":[],"_links":{"self":[{"href":"https:\/\/djerbaladouce.fr\/index.php?rest_route=\/wp\/v2\/pages\/43"}],"collection":[{"href":"https:\/\/djerbaladouce.fr\/index.php?rest_route=\/wp\/v2\/pages"}],"about":[{"href":"https:\/\/djerbaladouce.fr\/index.php?rest_route=\/wp\/v2\/types\/page"}],"author":[{"embeddable":true,"href":"https:\/\/djerbaladouce.fr\/index.php?rest_route=\/wp\/v2\/users\/1"}],"replies":[{"embeddable":true,"href":"https:\/\/djerbaladouce.fr\/index.php?rest_route=%2Fwp%2Fv2%2Fcomments&post=43"}],"version-history":[{"count":1,"href":"https:\/\/djerbaladouce.fr\/index.php?rest_route=\/wp\/v2\/pages\/43\/revisions"}],"predecessor-version":[{"id":45,"href":"https:\/\/djerbaladouce.fr\/index.php?rest_route=\/wp\/v2\/pages\/43\/revisions\/45"}],"wp:attachment":[{"href":"https:\/\/djerbaladouce.fr\/index.php?rest_route=%2Fwp%2Fv2%2Fmedia&parent=43"}],"curies":[{"name":"wp","href":"https:\/\/api.w.org\/{rel}","templated":true}]}}